{"id":462,"date":"2026-02-13T10:38:50","date_gmt":"2026-02-13T09:38:50","guid":{"rendered":"https:\/\/seychelles-sea-charter.com\/?page_id=462"},"modified":"2026-02-18T17:02:04","modified_gmt":"2026-02-18T16:02:04","slug":"excursions-bateau-seychelles","status":"publish","type":"page","link":"https:\/\/seychelles-sea-charter.com\/fr\/excursions-bateau-seychelles","title":{"rendered":"Excursions"},"content":{"rendered":"\t\t<div data-elementor-type=\"wp-page\" data-elementor-id=\"462\" class=\"elementor elementor-462\" data-elementor-post-type=\"page\">\n\t\t\t\t<div class=\"elementor-element elementor-element-466e8f13 section tablet_rows e-flex e-con-boxed e-con e-parent\" data-id=\"466e8f13\" data-element_type=\"container\" data-e-type=\"container\" data-settings=\"{&quot;background_background&quot;:&quot;classic&quot;}\">\n\t\t\t\t\t<div class=\"e-con-inner\">\n\t\t<div class=\"elementor-element elementor-element-6c2e051f e-con-full e-flex e-con e-child\" data-id=\"6c2e051f\" data-element_type=\"container\" data-e-type=\"container\">\n\t\t\t\t<div class=\"elementor-element elementor-element-c89ae1a h2_small elementor-widget elementor-widget-heading\" data-id=\"c89ae1a\" data-element_type=\"widget\" data-e-type=\"widget\" data-widget_type=\"heading.default\">\n\t\t\t\t<div class=\"elementor-widget-container\">\n\t\t\t\t\t<h3 class=\"elementor-heading-title elementor-size-default\">D\u00e9couvrez les Seychelles par la mer avec des excursions authentiques et personnalis\u00e9es<\/h3>\t\t\t\t<\/div>\n\t\t\t\t<\/div>\n\t\t\t\t<div class=\"elementor-element elementor-element-48058742 elementor-widget elementor-widget-text-editor\" data-id=\"48058742\" data-element_type=\"widget\" data-e-type=\"widget\" data-widget_type=\"text-editor.default\">\n\t\t\t\t<div class=\"elementor-widget-container\">\n\t\t\t\t\t\t\t\t\t<p>\u00c0 bord de notre bateau priv\u00e9, chaque sortie devient une aventure sur mesure. Accompagn\u00e9s de votre capitaine et de votre \u00e9quipier, partez du nord de Mah\u00e9, Beau Vallon, et laissez-nous vous guider \u00e0 travers les merveilles des Seychelles.<\/p><p>Que vous souhaitiez plonger dans des eaux cristallines, partir \u00e0 la rencontre des requins-baleines, explorer des \u00eeles sauvages, snorkeler parmi des r\u00e9cifs color\u00e9s ou combiner toutes ces exp\u00e9riences, nous cr\u00e9ons pour vous une journ\u00e9e unique, pens\u00e9e pour vos envies et votre confort.<\/p><p>Nos excursions sont enti\u00e8rement privatis\u00e9es, et notre bateau peut vous accueillir de 1 \u00e0 16 personnes, afin que chaque instant soit intime, authentique et m\u00e9morable.<\/p>\t\t\t\t\t\t\t\t<\/div>\n\t\t\t\t<\/div>\n\t\t\t\t<\/div>\n\t\t<div class=\"elementor-element elementor-element-3ccf6447 e-con-full e-flex e-con e-child\" data-id=\"3ccf6447\" data-element_type=\"container\" data-e-type=\"container\">\n\t\t\t\t<div class=\"elementor-element elementor-element-230f824f elementor-widget__width-initial img_bottom_right_shadow light-blue elementor-widget elementor-widget-image\" data-id=\"230f824f\" data-element_type=\"widget\" data-e-type=\"widget\" data-widget_type=\"image.default\">\n\t\t\t\t<div class=\"elementor-widget-container\">\n\t\t\t\t\t\t\t\t\t\t\t\t\t\t\t<img decoding=\"async\" width=\"687\" height=\"798\" src=\"https:\/\/seychelles-sea-charter.com\/wp-content\/uploads\/2026\/02\/atoll_divers_bateau_excursions-2.jpg\" class=\"attachment-full size-full wp-image-446\" alt=\"D\u00e9couvrez les Seychelles par la mer avec des excursions authentiques et personnalis\u00e9es\" srcset=\"https:\/\/seychelles-sea-charter.com\/wp-content\/uploads\/2026\/02\/atoll_divers_bateau_excursions-2.jpg 687w, https:\/\/seychelles-sea-charter.com\/wp-content\/uploads\/2026\/02\/atoll_divers_bateau_excursions-2-258x300.jpg 258w\" sizes=\"(max-width: 687px) 100vw, 687px\" \/>\t\t\t\t\t\t\t\t\t\t\t\t\t\t\t<\/div>\n\t\t\t\t<\/div>\n\t\t\t\t<div class=\"elementor-element elementor-element-272173ca elementor-widget elementor-widget-image\" data-id=\"272173ca\" data-element_type=\"widget\" data-e-type=\"widget\" data-widget_type=\"image.default\">\n\t\t\t\t<div class=\"elementor-widget-container\">\n\t\t\t\t\t\t\t\t\t\t\t\t\t\t\t<img decoding=\"async\" width=\"387\" height=\"438\" src=\"https:\/\/seychelles-sea-charter.com\/wp-content\/uploads\/2026\/02\/atoll_divers_bateau_excursions-3.jpg\" class=\"attachment-full size-full wp-image-447\" alt=\"D\u00e9couvrez les Seychelles par la mer avec des excursions authentiques et personnalis\u00e9es\" srcset=\"https:\/\/seychelles-sea-charter.com\/wp-content\/uploads\/2026\/02\/atoll_divers_bateau_excursions-3.jpg 387w, https:\/\/seychelles-sea-charter.com\/wp-content\/uploads\/2026\/02\/atoll_divers_bateau_excursions-3-265x300.jpg 265w\" sizes=\"(max-width: 387px) 100vw, 387px\" \/>\t\t\t\t\t\t\t\t\t\t\t\t\t\t\t<\/div>\n\t\t\t\t<\/div>\n\t\t\t\t<\/div>\n\t\t\t\t\t<\/div>\n\t\t\t\t<\/div>\n\t\t<div class=\"elementor-element elementor-element-37301ad8 section tablet_rows e-flex e-con-boxed e-con e-parent\" data-id=\"37301ad8\" data-element_type=\"container\" data-e-type=\"container\">\n\t\t\t\t\t<div class=\"e-con-inner\">\n\t\t<div class=\"elementor-element elementor-element-3e85ea00 e-con-full e-flex e-con e-child\" data-id=\"3e85ea00\" data-element_type=\"container\" data-e-type=\"container\">\n\t\t\t\t<div class=\"elementor-element elementor-element-1f238a83 elementor-widget elementor-widget-heading\" data-id=\"1f238a83\" data-element_type=\"widget\" data-e-type=\"widget\" data-widget_type=\"heading.default\">\n\t\t\t\t<div class=\"elementor-widget-container\">\n\t\t\t\t\t<h2 class=\"elementor-heading-title elementor-size-default\">Nos <span class=\"blue\">excursions<\/span> aux Seychelles<\/h2>\t\t\t\t<\/div>\n\t\t\t\t<\/div>\n\t\t\t\t<\/div>\n\t\t<div class=\"elementor-element elementor-element-cfd180 e-con-full e-flex e-con e-child\" data-id=\"cfd180\" data-element_type=\"container\" data-e-type=\"container\">\n\t\t\t\t<div class=\"elementor-element elementor-element-6049f6bc h2_small elementor-widget elementor-widget-heading\" data-id=\"6049f6bc\" data-element_type=\"widget\" data-e-type=\"widget\" data-widget_type=\"heading.default\">\n\t\t\t\t<div class=\"elementor-widget-container\">\n\t\t\t\t\t<h3 class=\"elementor-heading-title elementor-size-default\">Excursion Demi-journ\u00e9e \u2013 Baie Ternay &amp; \u00eeles du Nord<\/h3>\t\t\t\t<\/div>\n\t\t\t\t<\/div>\n\t\t\t\t<div class=\"elementor-element elementor-element-5ab748a0 elementor-widget elementor-widget-text-editor\" data-id=\"5ab748a0\" data-element_type=\"widget\" data-e-type=\"widget\" data-widget_type=\"text-editor.default\">\n\t\t\t\t<div class=\"elementor-widget-container\">\n\t\t\t\t\t\t\t\t\t\u00c0 partir de 800 \u20ac\t\t\t\t\t\t\t\t<\/div>\n\t\t\t\t<\/div>\n\t\t\t\t<div class=\"elementor-element elementor-element-4aebc653 elementor-widget elementor-widget-text-editor\" data-id=\"4aebc653\" data-element_type=\"widget\" data-e-type=\"widget\" data-widget_type=\"text-editor.default\">\n\t\t\t\t<div class=\"elementor-widget-container\">\n\t\t\t\t\t\t\t\t\t<p>Au cours de cette sortie, vous pourrez admirer la richesse des fonds marins, observer la faune locale et profiter pleinement des paysages idylliques et pr\u00e9serv\u00e9s des Seychelles.<\/p><p><span class=\"blue weight-600\">Dur\u00e9e :<\/span> 4 heures (horaires selon m\u00e9t\u00e9o)<\/p><p><span class=\"blue weight-600\">Zone :<\/span> Bay Ternay Marine Park et \u00eeles du nord (Conception, criques environnantes)<\/p><p><span class=\"blue weight-600\">Activit\u00e9s :<\/span> snorkeling, exploration des fonds marins, balades autour des \u00eeles<\/p><p><span class=\"blue weight-600\">Exp\u00e9rience :<\/span> immersion authentique dans des eaux turquoise et paysages pr\u00e9serv\u00e9s<\/p>\t\t\t\t\t\t\t\t<\/div>\n\t\t\t\t<\/div>\n\t\t\t\t<div class=\"elementor-element elementor-element-119567cf elementor-widget elementor-widget-button\" data-id=\"119567cf\" data-element_type=\"widget\" data-e-type=\"widget\" data-widget_type=\"button.default\">\n\t\t\t\t<div class=\"elementor-widget-container\">\n\t\t\t\t\t\t\t\t\t<div class=\"elementor-button-wrapper\">\n\t\t\t\t\t<a class=\"elementor-button elementor-button-link elementor-size-sm\" href=\"https:\/\/seychelles-sea-charter.com\/fr\/contact\">\n\t\t\t\t\t\t<span class=\"elementor-button-content-wrapper\">\n\t\t\t\t\t\t\t\t\t<span class=\"elementor-button-text\">R\u00e9servez<\/span>\n\t\t\t\t\t<\/span>\n\t\t\t\t\t<\/a>\n\t\t\t\t<\/div>\n\t\t\t\t\t\t\t\t<\/div>\n\t\t\t\t<\/div>\n\t\t\t\t<\/div>\n\t\t<div class=\"elementor-element elementor-element-61571100 e-con-full e-flex e-con e-child\" data-id=\"61571100\" data-element_type=\"container\" data-e-type=\"container\">\n\t\t\t\t<div class=\"elementor-element elementor-element-2623c65 elementor-widget__width-initial img_bottom_right_shadow light-blue elementor-widget elementor-widget-image\" data-id=\"2623c65\" data-element_type=\"widget\" data-e-type=\"widget\" data-widget_type=\"image.default\">\n\t\t\t\t<div class=\"elementor-widget-container\">\n\t\t\t\t\t\t\t\t\t\t\t\t\t\t\t<img decoding=\"async\" width=\"687\" height=\"798\" src=\"https:\/\/seychelles-sea-charter.com\/wp-content\/uploads\/2026\/02\/atoll_divers_bateau_excursions-4.jpg\" class=\"attachment-large size-large wp-image-448\" alt=\"Excursion Demi-journ\u00e9e \u2013 Baie Ternay &amp; \u00eeles du Nord\" srcset=\"https:\/\/seychelles-sea-charter.com\/wp-content\/uploads\/2026\/02\/atoll_divers_bateau_excursions-4.jpg 687w, https:\/\/seychelles-sea-charter.com\/wp-content\/uploads\/2026\/02\/atoll_divers_bateau_excursions-4-258x300.jpg 258w\" sizes=\"(max-width: 687px) 100vw, 687px\" \/>\t\t\t\t\t\t\t\t\t\t\t\t\t\t\t<\/div>\n\t\t\t\t<\/div>\n\t\t\t\t<\/div>\n\t\t\t\t\t<\/div>\n\t\t\t\t<\/div>\n\t\t<div class=\"elementor-element elementor-element-4b160fad section tablet_rows mobile_reverse e-flex e-con-boxed e-con e-parent\" data-id=\"4b160fad\" data-element_type=\"container\" data-e-type=\"container\">\n\t\t\t\t\t<div class=\"e-con-inner\">\n\t\t<div class=\"elementor-element elementor-element-25371238 e-con-full e-flex e-con e-child\" data-id=\"25371238\" data-element_type=\"container\" data-e-type=\"container\">\n\t\t\t\t<div class=\"elementor-element elementor-element-72f8efde elementor-widget__width-initial img_bottom_right_shadow light-blue elementor-widget elementor-widget-image\" data-id=\"72f8efde\" data-element_type=\"widget\" data-e-type=\"widget\" data-widget_type=\"image.default\">\n\t\t\t\t<div class=\"elementor-widget-container\">\n\t\t\t\t\t\t\t\t\t\t\t\t\t\t\t<img decoding=\"async\" width=\"687\" height=\"798\" src=\"https:\/\/seychelles-sea-charter.com\/wp-content\/uploads\/2026\/02\/atoll_divers_bateau_excursions-5.jpg\" class=\"attachment-large size-large wp-image-449\" alt=\"Demi-journ\u00e9e \u2013 Parc marin de Sainte-Anne\" srcset=\"https:\/\/seychelles-sea-charter.com\/wp-content\/uploads\/2026\/02\/atoll_divers_bateau_excursions-5.jpg 687w, https:\/\/seychelles-sea-charter.com\/wp-content\/uploads\/2026\/02\/atoll_divers_bateau_excursions-5-258x300.jpg 258w\" sizes=\"(max-width: 687px) 100vw, 687px\" \/>\t\t\t\t\t\t\t\t\t\t\t\t\t\t\t<\/div>\n\t\t\t\t<\/div>\n\t\t\t\t<\/div>\n\t\t<div class=\"elementor-element elementor-element-3877ac34 e-con-full e-flex e-con e-child\" data-id=\"3877ac34\" data-element_type=\"container\" data-e-type=\"container\">\n\t\t\t\t<div class=\"elementor-element elementor-element-e43b119 h2_small elementor-widget elementor-widget-heading\" data-id=\"e43b119\" data-element_type=\"widget\" data-e-type=\"widget\" data-widget_type=\"heading.default\">\n\t\t\t\t<div class=\"elementor-widget-container\">\n\t\t\t\t\t<h3 class=\"elementor-heading-title elementor-size-default\">Demi-journ\u00e9e \u2013 Parc marin de Sainte-Anne<\/h3>\t\t\t\t<\/div>\n\t\t\t\t<\/div>\n\t\t\t\t<div class=\"elementor-element elementor-element-14b7936a elementor-widget elementor-widget-text-editor\" data-id=\"14b7936a\" data-element_type=\"widget\" data-e-type=\"widget\" data-widget_type=\"text-editor.default\">\n\t\t\t\t<div class=\"elementor-widget-container\">\n\t\t\t\t\t\t\t\t\t<p>\u00c0 partir de 1 200 \u20ac<\/p>\t\t\t\t\t\t\t\t<\/div>\n\t\t\t\t<\/div>\n\t\t\t\t<div class=\"elementor-element elementor-element-7475dea2 elementor-widget elementor-widget-text-editor\" data-id=\"7475dea2\" data-element_type=\"widget\" data-e-type=\"widget\" data-widget_type=\"text-editor.default\">\n\t\t\t\t<div class=\"elementor-widget-container\">\n\t\t\t\t\t\t\t\t\t<p>Une sortie id\u00e9ale pour allier d\u00e9tente, exploration et moments de p\u00eache au c\u0153ur d\u2019un cadre naturel spectaculaire.<\/p><p><span class=\"blue weight-600\">Dur\u00e9e :<\/span> 4 heures (horaires selon m\u00e9t\u00e9o)<\/p><p><span class=\"blue weight-600\">Zone :<\/span> Saint-Anne Marine Park et \u00eeles environnantes<\/p><p><span class=\"blue weight-600\">Activit\u00e9s :<\/span> snorkeling, exploration des fonds marins, balades autour des \u00eeles, et possibilit\u00e9 de pratiquer la p\u00eache sportive<\/p><p><span class=\"blue weight-600\">Exp\u00e9rience :<\/span> immersion authentique dans des eaux turquoise et paysages pr\u00e9serv\u00e9s<\/p>\t\t\t\t\t\t\t\t<\/div>\n\t\t\t\t<\/div>\n\t\t\t\t<div class=\"elementor-element elementor-element-1805edc elementor-widget elementor-widget-button\" data-id=\"1805edc\" data-element_type=\"widget\" data-e-type=\"widget\" data-widget_type=\"button.default\">\n\t\t\t\t<div class=\"elementor-widget-container\">\n\t\t\t\t\t\t\t\t\t<div class=\"elementor-button-wrapper\">\n\t\t\t\t\t<a class=\"elementor-button elementor-button-link elementor-size-sm\" href=\"https:\/\/seychelles-sea-charter.com\/fr\/contact\">\n\t\t\t\t\t\t<span class=\"elementor-button-content-wrapper\">\n\t\t\t\t\t\t\t\t\t<span class=\"elementor-button-text\">R\u00e9servez<\/span>\n\t\t\t\t\t<\/span>\n\t\t\t\t\t<\/a>\n\t\t\t\t<\/div>\n\t\t\t\t\t\t\t\t<\/div>\n\t\t\t\t<\/div>\n\t\t\t\t<\/div>\n\t\t\t\t\t<\/div>\n\t\t\t\t<\/div>\n\t\t<div class=\"elementor-element elementor-element-20a5a61b section tablet_rows e-flex e-con-boxed e-con e-parent\" data-id=\"20a5a61b\" data-element_type=\"container\" data-e-type=\"container\" id=\"sur-mesure\">\n\t\t\t\t\t<div class=\"e-con-inner\">\n\t\t<div class=\"elementor-element elementor-element-6f8c05e5 e-con-full e-flex e-con e-child\" data-id=\"6f8c05e5\" data-element_type=\"container\" data-e-type=\"container\">\n\t\t\t\t<div class=\"elementor-element elementor-element-3d81f0b0 h2_small elementor-widget elementor-widget-heading\" data-id=\"3d81f0b0\" data-element_type=\"widget\" data-e-type=\"widget\" data-widget_type=\"heading.default\">\n\t\t\t\t<div class=\"elementor-widget-container\">\n\t\t\t\t\t<h3 class=\"elementor-heading-title elementor-size-default\">Excursions sur mesure \u2013 Demi-journ\u00e9e ou Journ\u00e9e compl\u00e8te<\/h3>\t\t\t\t<\/div>\n\t\t\t\t<\/div>\n\t\t\t\t<div class=\"elementor-element elementor-element-304cbb0a elementor-widget elementor-widget-text-editor\" data-id=\"304cbb0a\" data-element_type=\"widget\" data-e-type=\"widget\" data-widget_type=\"text-editor.default\">\n\t\t\t\t<div class=\"elementor-widget-container\">\n\t\t\t\t\t\t\t\t\t<p>Gr\u00e2ce \u00e0 \u00c9toile, profitez d\u2019une journ\u00e9e enti\u00e8rement personnalis\u00e9e et acc\u00e9dez aux <strong>lieux les plus mythiques des Seychelles<\/strong>, en toute libert\u00e9 et confort. Choisissez votre rythme, vos escales et vos activit\u00e9s pour vivre une <strong>aventure unique et m\u00e9morable<\/strong> au c\u0153ur de l\u2019archipel<\/p><p><span class=\"blue weight-600\">Tarifs :<\/span> Demi-journ\u00e9e \u00e0 partir de 1 200 \u20ac, journ\u00e9e compl\u00e8te \u00e0 partir de 2 000 \u20ac<\/p><p><span class=\"blue weight-600\">Itin\u00e9raire :<\/span> Fr\u00e9gate, La Digue, Anse Source d\u2019Argent, Praslin (Vall\u00e9e de Mai, tortues), Silhouette, North Island, ou m\u00eame Bird Island sur demande<\/p><p><span class=\"blue weight-600\">Prise en charge :<\/span> Directement depuis votre h\u00f4tel \u00e0 Mah\u00e9, Praslin, La Digue ou une \u00eele voisine<\/p><p><span class=\"blue weight-600\">Activit\u00e9s :<\/span> Snorkeling, plong\u00e9e, balades sur les \u00eeles, d\u00e9couverte de la faune et paysages spectaculaires<\/p><p><span class=\"blue weight-600\">Confort :<\/span> Possibilit\u00e9 de d\u00e9jeuner \u00e0 bord avec barbecue et planche, bateau enti\u00e8rement privatis\u00e9 pour votre groupe<\/p>\t\t\t\t\t\t\t\t<\/div>\n\t\t\t\t<\/div>\n\t\t\t\t<div class=\"elementor-element elementor-element-398d7047 elementor-widget elementor-widget-button\" data-id=\"398d7047\" data-element_type=\"widget\" data-e-type=\"widget\" data-widget_type=\"button.default\">\n\t\t\t\t<div class=\"elementor-widget-container\">\n\t\t\t\t\t\t\t\t\t<div class=\"elementor-button-wrapper\">\n\t\t\t\t\t<a class=\"elementor-button elementor-button-link elementor-size-sm\" href=\"https:\/\/seychelles-sea-charter.com\/fr\/contact\">\n\t\t\t\t\t\t<span class=\"elementor-button-content-wrapper\">\n\t\t\t\t\t\t\t\t\t<span class=\"elementor-button-text\">R\u00e9servez<\/span>\n\t\t\t\t\t<\/span>\n\t\t\t\t\t<\/a>\n\t\t\t\t<\/div>\n\t\t\t\t\t\t\t\t<\/div>\n\t\t\t\t<\/div>\n\t\t\t\t<\/div>\n\t\t<div class=\"elementor-element elementor-element-779f23a9 e-con-full e-flex e-con e-child\" data-id=\"779f23a9\" data-element_type=\"container\" data-e-type=\"container\">\n\t\t\t\t<div class=\"elementor-element elementor-element-6dc2aa3a elementor-widget__width-initial img_bottom_right_shadow light-blue elementor-widget elementor-widget-image\" data-id=\"6dc2aa3a\" data-element_type=\"widget\" data-e-type=\"widget\" data-widget_type=\"image.default\">\n\t\t\t\t<div class=\"elementor-widget-container\">\n\t\t\t\t\t\t\t\t\t\t\t\t\t\t\t<img decoding=\"async\" width=\"687\" height=\"798\" src=\"https:\/\/seychelles-sea-charter.com\/wp-content\/uploads\/2026\/02\/atoll_divers_bateau_excursions-6.jpg\" class=\"attachment-large size-large wp-image-450\" alt=\"Excursions sur mesure \u2013 Demi-journ\u00e9e ou Journ\u00e9e compl\u00e8te\" srcset=\"https:\/\/seychelles-sea-charter.com\/wp-content\/uploads\/2026\/02\/atoll_divers_bateau_excursions-6.jpg 687w, https:\/\/seychelles-sea-charter.com\/wp-content\/uploads\/2026\/02\/atoll_divers_bateau_excursions-6-258x300.jpg 258w\" sizes=\"(max-width: 687px) 100vw, 687px\" \/>\t\t\t\t\t\t\t\t\t\t\t\t\t\t\t<\/div>\n\t\t\t\t<\/div>\n\t\t\t\t<\/div>\n\t\t\t\t\t<\/div>\n\t\t\t\t<\/div>\n\t\t\t\t<\/div>\n\t\t","protected":false},"excerpt":{"rendered":"<p>D\u00e9couvrez les Seychelles par la mer avec des excursions authentiques et personnalis\u00e9es \u00c0 bord de notre bateau priv\u00e9, chaque sortie [&hellip;]<\/p>\n","protected":false},"author":2,"featured_media":445,"parent":0,"menu_order":0,"comment_status":"closed","ping_status":"closed","template":"","meta":{"_seopress_robots_primary_cat":"","_seopress_titles_title":"Excursions priv\u00e9es en bateau \u00e0 bord d'\u00c9toile aux Seychelles","_seopress_titles_desc":"\u00c0 bord de notre bateau priv\u00e9, chaque sortie devient une aventure sur mesure. Partez du nord de Mah\u00e9, Beau Vallon, et laissez-nous vous guider \u00e0 travers les merveilles des Seychelles.","_seopress_robots_index":"","site-sidebar-layout":"no-sidebar","site-content-layout":"","ast-site-content-layout":"full-width-container","site-content-style":"default","site-sidebar-style":"default","ast-global-header-display":"","ast-banner-title-visibility":"","ast-main-header-display":"","ast-hfb-above-header-display":"","ast-hfb-below-header-display":"","ast-hfb-mobile-header-display":"","site-post-title":"disabled","ast-breadcrumbs-content":"","ast-featured-img":"disabled","footer-sml-layout":"","ast-disable-related-posts":"","theme-transparent-header-meta":"default","adv-header-id-meta":"","stick-header-meta":"default","header-above-stick-meta":"","header-main-stick-meta":"","header-below-stick-meta":"","astra-migrate-meta-layouts":"set","ast-page-background-enabled":"default","ast-page-background-meta":{"desktop":{"background-color":"var(--ast-global-color-5)","background-image":"","background-repeat":"repeat","background-position":"center center","background-size":"auto","background-attachment":"scroll","background-type":"","background-media":"","overlay-type":"","overlay-color":"","overlay-opacity":"","overlay-gradient":""},"tablet":{"background-color":"","background-image":"","background-repeat":"repeat","background-position":"center center","background-size":"auto","background-attachment":"scroll","background-type":"","background-media":"","overlay-type":"","overlay-color":"","overlay-opacity":"","overlay-gradient":""},"mobile":{"background-color":"","background-image":"","background-repeat":"repeat","background-position":"center center","background-size":"auto","background-attachment":"scroll","background-type":"","background-media":"","overlay-type":"","overlay-color":"","overlay-opacity":"","overlay-gradient":""}},"ast-content-background-meta":{"desktop":{"background-color":"var(--ast-global-color-4)","background-image":"","background-repeat":"repeat","background-position":"center center","background-size":"auto","background-attachment":"scroll","background-type":"","background-media":"","overlay-type":"","overlay-color":"","overlay-opacity":"","overlay-gradient":""},"tablet":{"background-color":"var(--ast-global-color-4)","background-image":"","background-repeat":"repeat","background-position":"center center","background-size":"auto","background-attachment":"scroll","background-type":"","background-media":"","overlay-type":"","overlay-color":"","overlay-opacity":"","overlay-gradient":""},"mobile":{"background-color":"var(--ast-global-color-4)","background-image":"","background-repeat":"repeat","background-position":"center center","background-size":"auto","background-attachment":"scroll","background-type":"","background-media":"","overlay-type":"","overlay-color":"","overlay-opacity":"","overlay-gradient":""}},"footnotes":""},"class_list":["post-462","page","type-page","status-publish","has-post-thumbnail","hentry"],"_links":{"self":[{"href":"https:\/\/seychelles-sea-charter.com\/fr\/wp-json\/wp\/v2\/pages\/462","targetHints":{"allow":["GET"]}}],"collection":[{"href":"https:\/\/seychelles-sea-charter.com\/fr\/wp-json\/wp\/v2\/pages"}],"about":[{"href":"https:\/\/seychelles-sea-charter.com\/fr\/wp-json\/wp\/v2\/types\/page"}],"author":[{"embeddable":true,"href":"https:\/\/seychelles-sea-charter.com\/fr\/wp-json\/wp\/v2\/users\/2"}],"replies":[{"embeddable":true,"href":"https:\/\/seychelles-sea-charter.com\/fr\/wp-json\/wp\/v2\/comments?post=462"}],"version-history":[{"count":3,"href":"https:\/\/seychelles-sea-charter.com\/fr\/wp-json\/wp\/v2\/pages\/462\/revisions"}],"predecessor-version":[{"id":1474,"href":"https:\/\/seychelles-sea-charter.com\/fr\/wp-json\/wp\/v2\/pages\/462\/revisions\/1474"}],"wp:featuredmedia":[{"embeddable":true,"href":"https:\/\/seychelles-sea-charter.com\/fr\/wp-json\/wp\/v2\/media\/445"}],"wp:attachment":[{"href":"https:\/\/seychelles-sea-charter.com\/fr\/wp-json\/wp\/v2\/media?parent=462"}],"curies":[{"name":"wp","href":"https:\/\/api.w.org\/{rel}","templated":true}]}}